{"id":21541,"date":"2021-12-06T20:34:36","date_gmt":"2021-12-06T20:34:36","guid":{"rendered":"https:\/\/dopp.aopen-dev.eu\/home\/"},"modified":"2022-12-23T15:19:19","modified_gmt":"2022-12-23T15:19:19","slug":"home","status":"publish","type":"page","link":"https:\/\/dopp.aopen-dev.eu\/ru\/","title":{"rendered":"Home"},"content":{"rendered":"\t\t<div data-elementor-type=\"wp-page\" data-elementor-id=\"21541\" class=\"elementor elementor-21541 elementor-1872\">\n\t\t\t\t\t\t\t\t\t<section class=\"elementor-section elementor-top-section elementor-element elementor-element-910346b elementor-section-full_width elementor-section-stretched elementor-reverse-tablet elementor-reverse-mobile elementor-section-height-default elementor-section-height-default off\" data-id=\"910346b\" data-element_type=\"section\" data-settings=\"{&quot;stretch_section&quot;:&quot;section-stretched&quot;}\">\n\t\t\t\t\t\t<div class=\"elementor-container elementor-column-gap-default\">\n\t\t\t\t\t<div class=\"elementor-column elementor-col-50 elementor-top-column elementor-element elementor-element-cbc7000\" data-id=\"cbc7000\" data-element_type=\"column\" data-settings=\"{&quot;background_background&quot;:&quot;classic&quot;}\">\n\t\t\t<div class=\"elementor-widget-wrap elementor-element-populated\">\n\t\t\t\t\t<div class=\"elementor-background-overlay\"><\/div>\n\t\t\t\t\t\t\t\t<div class=\"pp_section elementor-element elementor-element-9dd69cb elementor-widget elementor-widget-tm-title\" data-id=\"9dd69cb\" data-element_type=\"widget\" data-widget_type=\"tm-title.default\">\n\t\t\t\t<div class=\"elementor-widget-container\">\n\t\t\t\r\n        <div class=\"section-title tm_title icon_disable \">\r\n                                        <h3>OFFICI\u0100LAIS DOPPSTADT P\u0100RSTR\u0100DES TEHNIKAS IZPLAT\u012aT\u0100JS LATVIJ\u0100<\/h3>\r\n                    <\/div>\r\n\r\n\r\n        \t\t<\/div>\n\t\t\t\t<\/div>\n\t\t\t\t<div class=\"pp_section elementor-element elementor-element-6e3f6ec home-subtitle elementor-widget elementor-widget-tm-subtitle\" data-id=\"6e3f6ec\" data-element_type=\"widget\" data-widget_type=\"tm-subtitle.default\">\n\t\t\t\t<div class=\"elementor-widget-container\">\n\t\t\t\r\n        <div class=\"s-hero__subtitle\">\r\n                            Lab\u0101kie biomasas p\u0101rstr\u0101des risin\u0101jumi.                    <\/div>\r\n\r\n\r\n        \t\t<\/div>\n\t\t\t\t<\/div>\n\t\t\t\t<div class=\"pp_section elementor-element elementor-element-7d33bc9 elementor-widget elementor-widget-button\" data-id=\"7d33bc9\" data-element_type=\"widget\" data-widget_type=\"button.default\">\n\t\t\t\t<div class=\"elementor-widget-container\">\n\t\t\t\t\t<div class=\"elementor-button-wrapper\">\n\t\t\t<a href=\"https:\/\/dopp.aopen-dev.eu\/transports\/\" class=\"elementor-button-link elementor-button elementor-size-sm\" role=\"button\">\n\t\t\t\t\t\t<span class=\"elementor-button-content-wrapper\">\n\t\t\t\t\t\t<span class=\"elementor-button-text\">APSKAT\u012aT KATALOGU<\/span>\n\t\t<\/span>\n\t\t\t\t\t<\/a>\n\t\t<\/div>\n\t\t\t\t<\/div>\n\t\t\t\t<\/div>\n\t\t\t\t\t<\/div>\n\t\t<\/div>\n\t\t\t\t<div class=\"elementor-column elementor-col-50 elementor-top-column elementor-element elementor-element-7ca77a4 home-carousel\" data-id=\"7ca77a4\" data-element_type=\"column\">\n\t\t\t<div class=\"elementor-widget-wrap elementor-element-populated\">\n\t\t\t\t\t\t\t\t<div class=\"pp_section elementor-element elementor-element-5b569ad elementor-pagination-position-inside elementor-widget elementor-widget-image-carousel\" data-id=\"5b569ad\" data-element_type=\"widget\" data-settings=\"{&quot;slides_to_show&quot;:&quot;1&quot;,&quot;navigation&quot;:&quot;dots&quot;,&quot;autoplay_speed&quot;:8000,&quot;autoplay&quot;:&quot;yes&quot;,&quot;pause_on_hover&quot;:&quot;yes&quot;,&quot;pause_on_interaction&quot;:&quot;yes&quot;,&quot;infinite&quot;:&quot;yes&quot;,&quot;effect&quot;:&quot;slide&quot;,&quot;speed&quot;:500}\" data-widget_type=\"image-carousel.default\">\n\t\t\t\t<div class=\"elementor-widget-container\">\n\t\t\t<style>\/*! elementor - v3.13.3 - 28-05-2023 *\/\n.elementor-widget-image-carousel .swiper,.elementor-widget-image-carousel .swiper-container{position:static}.elementor-widget-image-carousel .swiper-container .swiper-slide figure,.elementor-widget-image-carousel .swiper .swiper-slide figure{line-height:inherit}.elementor-widget-image-carousel .swiper-slide{text-align:center}.elementor-image-carousel-wrapper:not(.swiper-container-initialized):not(.swiper-initialized) .swiper-slide{max-width:calc(100% \/ var(--e-image-carousel-slides-to-show, 3))}<\/style>\t\t<div class=\"elementor-image-carousel-wrapper swiper-container\" dir=\"ltr\">\n\t\t\t<div class=\"elementor-image-carousel swiper-wrapper swiper-image-stretch\">\n\t\t\t\t\t\t\t\t<div class=\"swiper-slide\"><figure class=\"swiper-slide-inner\"><img decoding=\"async\" class=\"swiper-slide-image\" src=\"https:\/\/dopp.aopen-dev.eu\/wp-content\/uploads\/2022\/11\/hero-slider-1-960x635-1.jpg\" alt=\"hero-slider-1-960x635\" \/><\/figure><\/div><div class=\"swiper-slide\"><figure class=\"swiper-slide-inner\"><img decoding=\"async\" class=\"swiper-slide-image\" src=\"https:\/\/dopp.aopen-dev.eu\/wp-content\/uploads\/2022\/11\/hero-slider-2-960x635-1.jpg\" alt=\"hero-slider-2-960x635\" \/><\/figure><\/div><div class=\"swiper-slide\"><figure class=\"swiper-slide-inner\"><img decoding=\"async\" class=\"swiper-slide-image\" src=\"https:\/\/dopp.aopen-dev.eu\/wp-content\/uploads\/2022\/11\/hero-slider-3-960x635-1.jpg\" alt=\"hero-slider-3-960x635\" \/><\/figure><\/div>\t\t\t<\/div>\n\t\t\t\t\t\t\t\t\t\t\t\t<div class=\"swiper-pagination\"><\/div>\n\t\t\t\t\t\t\t\t\t\t\t\t\t<\/div>\n\t\t\t\t<\/div>\n\t\t\t\t<\/div>\n\t\t\t\t\t<\/div>\n\t\t<\/div>\n\t\t\t\t\t\t\t<\/div>\n\t\t<\/section>\n\t\t\t\t<section class=\"elementor-section elementor-top-section elementor-element elementor-element-a22cbc7 elementor-section-stretched elementor-section-boxed elementor-section-height-default elementor-section-height-default off\" data-id=\"a22cbc7\" data-element_type=\"section\" data-settings=\"{&quot;stretch_section&quot;:&quot;section-stretched&quot;,&quot;background_background&quot;:&quot;classic&quot;}\">\n\t\t\t\t\t\t<div class=\"elementor-container elementor-column-gap-default\">\n\t\t\t\t\t<div class=\"elementor-column elementor-col-100 elementor-top-column elementor-element elementor-element-42a7c50\" data-id=\"42a7c50\" data-element_type=\"column\">\n\t\t\t<div class=\"elementor-widget-wrap elementor-element-populated\">\n\t\t\t\t\t\t\t\t<div class=\"pp_section elementor-element elementor-element-6db9525 elementor-widget elementor-widget-shortcode\" data-id=\"6db9525\" data-element_type=\"widget\" data-widget_type=\"shortcode.default\">\n\t\t\t\t<div class=\"elementor-widget-container\">\n\t\t\t\t\t<div class=\"elementor-shortcode\"><\/div>\n\t\t\t\t<\/div>\n\t\t\t\t<\/div>\n\t\t\t\t\t<\/div>\n\t\t<\/div>\n\t\t\t\t\t\t\t<\/div>\n\t\t<\/section>\n\t\t\t\t<section class=\"elementor-section elementor-top-section elementor-element elementor-element-d452974 elementor-section-stretched elementor-section-boxed elementor-section-height-default elementor-section-height-default off\" data-id=\"d452974\" data-element_type=\"section\" data-settings=\"{&quot;stretch_section&quot;:&quot;section-stretched&quot;,&quot;background_background&quot;:&quot;classic&quot;}\">\n\t\t\t\t\t\t<div class=\"elementor-container elementor-column-gap-default\">\n\t\t\t\t\t<div class=\"elementor-column elementor-col-100 elementor-top-column elementor-element elementor-element-b797499 elementor-invisible\" data-id=\"b797499\" data-element_type=\"column\" data-settings=\"{&quot;animation&quot;:&quot;fadeIn&quot;}\">\n\t\t\t<div class=\"elementor-widget-wrap elementor-element-populated\">\n\t\t\t\t\t\t\t\t<div class=\"pp_section elementor-element elementor-element-71fe8b6 elementor-widget elementor-widget-heading\" data-id=\"71fe8b6\" data-element_type=\"widget\" data-widget_type=\"heading.default\">\n\t\t\t\t<div class=\"elementor-widget-container\">\n\t\t\t<style>\/*! elementor - v3.13.3 - 28-05-2023 *\/\n.elementor-heading-title{padding:0;margin:0;line-height:1}.elementor-widget-heading .elementor-heading-title[class*=elementor-size-]>a{color:inherit;font-size:inherit;line-height:inherit}.elementor-widget-heading .elementor-heading-title.elementor-size-small{font-size:15px}.elementor-widget-heading .elementor-heading-title.elementor-size-medium{font-size:19px}.elementor-widget-heading .elementor-heading-title.elementor-size-large{font-size:29px}.elementor-widget-heading .elementor-heading-title.elementor-size-xl{font-size:39px}.elementor-widget-heading .elementor-heading-title.elementor-size-xxl{font-size:59px}<\/style><div class=\"elementor-heading-title elementor-size-default\">KATALOGS<\/div>\t\t<\/div>\n\t\t\t\t<\/div>\n\t\t\t\t<div class=\"pp_section elementor-element elementor-element-f0cfeda elementor-widget elementor-widget-tmtransport-transport-popular\" data-id=\"f0cfeda\" data-element_type=\"widget\" data-widget_type=\"tmtransport-transport-popular.default\">\n\t\t\t\t<div class=\"elementor-widget-container\">\n\t\t\t        <div class=\"tmtransports-transports-popular-wrap \">\n                                                                <\/div>\n\n\t\t<\/div>\n\t\t\t\t<\/div>\n\t\t\t\t<div class=\"pp_section elementor-element elementor-element-8c52abf elementor-widget elementor-widget-button\" data-id=\"8c52abf\" data-element_type=\"widget\" data-widget_type=\"button.default\">\n\t\t\t\t<div class=\"elementor-widget-container\">\n\t\t\t\t\t<div class=\"elementor-button-wrapper\">\n\t\t\t<a href=\"https:\/\/dopp.aopen-dev.eu\/transports\/\" class=\"elementor-button-link elementor-button elementor-size-sm\" role=\"button\">\n\t\t\t\t\t\t<span class=\"elementor-button-content-wrapper\">\n\t\t\t\t\t\t<span class=\"elementor-button-text\">VISS KATALOGS<\/span>\n\t\t<\/span>\n\t\t\t\t\t<\/a>\n\t\t<\/div>\n\t\t\t\t<\/div>\n\t\t\t\t<\/div>\n\t\t\t\t\t<\/div>\n\t\t<\/div>\n\t\t\t\t\t\t\t<\/div>\n\t\t<\/section>\n\t\t\t\t<section class=\"elementor-section elementor-top-section elementor-element elementor-element-9c72729 elementor-section-stretched elementor-section-boxed elementor-section-height-default elementor-section-height-default off\" data-id=\"9c72729\" data-element_type=\"section\" data-settings=\"{&quot;stretch_section&quot;:&quot;section-stretched&quot;,&quot;background_background&quot;:&quot;classic&quot;}\">\n\t\t\t\t\t\t<div class=\"elementor-container elementor-column-gap-default\">\n\t\t\t\t\t<div class=\"elementor-column elementor-col-100 elementor-top-column elementor-element elementor-element-f184a93\" data-id=\"f184a93\" data-element_type=\"column\">\n\t\t\t<div class=\"elementor-widget-wrap elementor-element-populated\">\n\t\t\t\t\t\t\t\t<div class=\"pp_section elementor-element elementor-element-71201f4 elementor-widget elementor-widget-heading\" data-id=\"71201f4\" data-element_type=\"widget\" data-widget_type=\"heading.default\">\n\t\t\t\t<div class=\"elementor-widget-container\">\n\t\t\t<div class=\"elementor-heading-title elementor-size-default\">AKTUALIT\u0100TES<\/div>\t\t<\/div>\n\t\t\t\t<\/div>\n\t\t\t\t<div class=\"pp_section elementor-element elementor-element-7665c95 home-blog elementor-widget elementor-widget-tm-blog\" data-id=\"7665c95\" data-element_type=\"widget\" data-widget_type=\"tm-blog.default\">\n\t\t\t\t<div class=\"elementor-widget-container\">\n\t\t\t                    <div class=\"uk-section-large uk-container blog_grid_template\">\n                <div class=\"uk-grid uk-child-width-1-3@l  uk-child-width-1-3@m  uk-child-width-1-2@s\" data-uk-grid>\n                    \n                    \n                <\/div>\n            <\/div>\n                \t\t<\/div>\n\t\t\t\t<\/div>\n\t\t\t\t<div class=\"pp_section elementor-element elementor-element-fec50a9 elementor-widget elementor-widget-button\" data-id=\"fec50a9\" data-element_type=\"widget\" data-widget_type=\"button.default\">\n\t\t\t\t<div class=\"elementor-widget-container\">\n\t\t\t\t\t<div class=\"elementor-button-wrapper\">\n\t\t\t<a href=\"https:\/\/dopp.aopen-dev.eu\/blog-grid\/\" class=\"elementor-button-link elementor-button elementor-size-sm\" role=\"button\">\n\t\t\t\t\t\t<span class=\"elementor-button-content-wrapper\">\n\t\t\t\t\t\t<span class=\"elementor-button-text\">VISAS AKTUALIT\u0100TES<\/span>\n\t\t<\/span>\n\t\t\t\t\t<\/a>\n\t\t<\/div>\n\t\t\t\t<\/div>\n\t\t\t\t<\/div>\n\t\t\t\t\t<\/div>\n\t\t<\/div>\n\t\t\t\t\t\t\t<\/div>\n\t\t<\/section>\n\t\t\t\t\t\t\t<\/div>\n\t\t","protected":false},"excerpt":{"rendered":"<p>OFFICI\u0100LAIS DOPPSTADT P\u0100RSTR\u0100DES TEHNIKAS IZPLAT\u012aT\u0100JS LATVIJ\u0100 Lab\u0101kie biomasas p\u0101rstr\u0101des risin\u0101jumi. APSKAT\u012aT KATALOGU KATALOGS EASY 1200Gaisa pl\u016bsmas separators Motors: d\u012bze\u013c\u0123enerators UZZIN\u0100T VAIR\u0100K EASY 800Gaisa pl\u016bsmas separators Motors: d\u012bze\u013c\u0123enerators UZZIN\u0100T VAIR\u0100K AIRFLEX 1500Gaisa pl\u016bsmas separators Motors: d\u012bze\u013c\u0123enerators \u2022 Degvielas pat\u0113ri\u0146\u0161: 15,5 vai 23,4 l\/h UZZIN\u0100T VAIR\u0100K DU 320Komposta ru\u0161in\u0101t\u0101js Ra\u017e\u012bgums: komposts 300 t\/h vai 1200 m3\/h Motors: [&hellip;]<\/p>\n","protected":false},"author":1,"featured_media":0,"parent":0,"menu_order":0,"comment_status":"closed","ping_status":"closed","template":"","meta":{"pmpro_default_level":0},"acf":[],"_links":{"self":[{"href":"https:\/\/dopp.aopen-dev.eu\/ru\/wp-json\/wp\/v2\/pages\/21541"}],"collection":[{"href":"https:\/\/dopp.aopen-dev.eu\/ru\/wp-json\/wp\/v2\/pages"}],"about":[{"href":"https:\/\/dopp.aopen-dev.eu\/ru\/wp-json\/wp\/v2\/types\/page"}],"author":[{"embeddable":true,"href":"https:\/\/dopp.aopen-dev.eu\/ru\/wp-json\/wp\/v2\/users\/1"}],"replies":[{"embeddable":true,"href":"https:\/\/dopp.aopen-dev.eu\/ru\/wp-json\/wp\/v2\/comments?post=21541"}],"version-history":[{"count":1,"href":"https:\/\/dopp.aopen-dev.eu\/ru\/wp-json\/wp\/v2\/pages\/21541\/revisions"}],"predecessor-version":[{"id":21676,"href":"https:\/\/dopp.aopen-dev.eu\/ru\/wp-json\/wp\/v2\/pages\/21541\/revisions\/21676"}],"wp:attachment":[{"href":"https:\/\/dopp.aopen-dev.eu\/ru\/wp-json\/wp\/v2\/media?parent=21541"}],"curies":[{"name":"wp","href":"https:\/\/api.w.org\/{rel}","templated":true}]}}