{"id":21539,"date":"2021-12-10T16:02:11","date_gmt":"2021-12-10T16:02:11","guid":{"rendered":"https:\/\/dopp.aopen-dev.eu\/about-us\/"},"modified":"2022-12-05T03:26:00","modified_gmt":"2022-12-05T03:26:00","slug":"about-us","status":"publish","type":"page","link":"https:\/\/dopp.aopen-dev.eu\/ru\/about-us\/","title":{"rendered":"Par mums"},"content":{"rendered":"\t\t<div data-elementor-type=\"wp-page\" data-elementor-id=\"21539\" class=\"elementor elementor-21539 elementor-3024\">\n\t\t\t\t\t\t\t\t\t<section class=\"elementor-section elementor-top-section elementor-element elementor-element-aa391d9 elementor-section-stretched elementor-section-boxed elementor-section-height-default elementor-section-height-default off\" data-id=\"aa391d9\" data-element_type=\"section\" data-settings=\"{&quot;stretch_section&quot;:&quot;section-stretched&quot;}\">\n\t\t\t\t\t\t<div class=\"elementor-container elementor-column-gap-default\">\n\t\t\t\t\t<div class=\"elementor-column elementor-col-50 elementor-top-column elementor-element elementor-element-6971e70\" data-id=\"6971e70\" data-element_type=\"column\">\n\t\t\t<div class=\"elementor-widget-wrap elementor-element-populated\">\n\t\t\t\t\t\t\t\t<div class=\"pp_section elementor-element elementor-element-e7023f7 elementor-widget elementor-widget-heading\" data-id=\"e7023f7\" data-element_type=\"widget\" data-widget_type=\"heading.default\">\n\t\t\t\t<div class=\"elementor-widget-container\">\n\t\t\t<style>\/*! elementor - v3.13.3 - 28-05-2023 *\/\n.elementor-heading-title{padding:0;margin:0;line-height:1}.elementor-widget-heading .elementor-heading-title[class*=elementor-size-]>a{color:inherit;font-size:inherit;line-height:inherit}.elementor-widget-heading .elementor-heading-title.elementor-size-small{font-size:15px}.elementor-widget-heading .elementor-heading-title.elementor-size-medium{font-size:19px}.elementor-widget-heading .elementor-heading-title.elementor-size-large{font-size:29px}.elementor-widget-heading .elementor-heading-title.elementor-size-xl{font-size:39px}.elementor-widget-heading .elementor-heading-title.elementor-size-xxl{font-size:59px}<\/style><div class=\"elementor-heading-title elementor-size-default\">Par mums<\/div>\t\t<\/div>\n\t\t\t\t<\/div>\n\t\t\t\t<div class=\"pp_section elementor-element elementor-element-6b74b75 elementor-widget elementor-widget-tm-title\" data-id=\"6b74b75\" data-element_type=\"widget\" data-widget_type=\"tm-title.default\">\n\t\t\t\t<div class=\"elementor-widget-container\">\n\t\t\t\r\n        <div class=\"section-title tm_title icon_disable \">\r\n                                        <h3>OFFICI\u0100LAIS DOPPSTADT P\u0100RSTR\u0100DES TEHNIKAS IZPLAT\u012aT\u0100JS LATVIJ\u0100<\/h3>\r\n                    <\/div>\r\n\r\n\r\n        \t\t<\/div>\n\t\t\t\t<\/div>\n\t\t\t\t\t<\/div>\n\t\t<\/div>\n\t\t\t\t<div class=\"elementor-column elementor-col-50 elementor-top-column elementor-element elementor-element-5f1a3cb\" data-id=\"5f1a3cb\" data-element_type=\"column\">\n\t\t\t<div class=\"elementor-widget-wrap elementor-element-populated\">\n\t\t\t\t\t\t\t\t<div class=\"pp_section elementor-element elementor-element-830fe56 elementor-widget elementor-widget-tm-text\" data-id=\"830fe56\" data-element_type=\"widget\" data-widget_type=\"tm-text.default\">\n\t\t\t\t<div class=\"elementor-widget-container\">\n\t\t\t\r\n        <div class=\"section-content\">\r\n                            <p>Lorem Ipsum is simply dummy text of the printing and typesetting industry. Lorem Ipsum has been the industry\u2019s standard dummy text ever since the 1500s, when an unknown printer took a galley of type and scrambled it to make a type specimen book. It has survived not only five centuries, but also the leap into electronic typesetting, remaining essentially unchanged. It was popularised in the 1960s with the release of Letraset sheets containing Lorem Ipsum passages, and more recently with desktop publishing software like Aldus PageMaker including versions of Lorem Ipsum.<\/p>\r\n                    <\/div>\r\n\r\n\r\n        \t\t<\/div>\n\t\t\t\t<\/div>\n\t\t\t\t\t<\/div>\n\t\t<\/div>\n\t\t\t\t\t\t\t<\/div>\n\t\t<\/section>\n\t\t\t\t<section class=\"elementor-section elementor-top-section elementor-element elementor-element-951561c elementor-section-stretched elementor-hidden-tablet elementor-hidden-mobile elementor-section-boxed elementor-section-height-default elementor-section-height-default off\" data-id=\"951561c\" data-element_type=\"section\" data-settings=\"{&quot;stretch_section&quot;:&quot;section-stretched&quot;}\">\n\t\t\t\t\t\t<div class=\"elementor-container elementor-column-gap-wide\">\n\t\t\t\t\t<div class=\"elementor-column elementor-col-33 elementor-top-column elementor-element elementor-element-ab91a3d\" data-id=\"ab91a3d\" data-element_type=\"column\">\n\t\t\t<div class=\"elementor-widget-wrap elementor-element-populated\">\n\t\t\t\t\t\t\t\t<div class=\"pp_section elementor-element elementor-element-148a4d5 benefits__item elementor-position-top elementor-vertical-align-top elementor-widget elementor-widget-image-box\" data-id=\"148a4d5\" data-element_type=\"widget\" data-widget_type=\"image-box.default\">\n\t\t\t\t<div class=\"elementor-widget-container\">\n\t\t\t<style>\/*! elementor - v3.13.3 - 28-05-2023 *\/\n.elementor-widget-image-box .elementor-image-box-content{width:100%}@media (min-width:768px){.elementor-widget-image-box.elementor-position-left .elementor-image-box-wrapper,.elementor-widget-image-box.elementor-position-right .elementor-image-box-wrapper{display:flex}.elementor-widget-image-box.elementor-position-right .elementor-image-box-wrapper{text-align:right;flex-direction:row-reverse}.elementor-widget-image-box.elementor-position-left .elementor-image-box-wrapper{text-align:left;flex-direction:row}.elementor-widget-image-box.elementor-position-top .elementor-image-box-img{margin:auto}.elementor-widget-image-box.elementor-vertical-align-top .elementor-image-box-wrapper{align-items:flex-start}.elementor-widget-image-box.elementor-vertical-align-middle .elementor-image-box-wrapper{align-items:center}.elementor-widget-image-box.elementor-vertical-align-bottom .elementor-image-box-wrapper{align-items:flex-end}}@media (max-width:767px){.elementor-widget-image-box .elementor-image-box-img{margin-left:auto!important;margin-right:auto!important;margin-bottom:15px}}.elementor-widget-image-box .elementor-image-box-img{display:inline-block}.elementor-widget-image-box .elementor-image-box-title a{color:inherit}.elementor-widget-image-box .elementor-image-box-wrapper{text-align:center}.elementor-widget-image-box .elementor-image-box-description{margin:0}<\/style><div class=\"elementor-image-box-wrapper\"><figure class=\"elementor-image-box-img\"><img decoding=\"async\" width=\"80\" height=\"53\" src=\"https:\/\/dopp.aopen-dev.eu\/wp-content\/uploads\/2022\/11\/qi8909.svg\" class=\"attachment-full size-full wp-image-21090\" alt=\"\" loading=\"lazy\" \/><\/figure><div class=\"elementor-image-box-content\"><div class=\"elementor-image-box-title\">Aktu\u0101l\u0101k\u0101 <br>tehnolo\u0123ija<\/div><p class=\"elementor-image-box-description\">Lorem Ipsum is simply dummy text of the printing and typesetting industry. Lorem Ipsum has been the industry\u2019s standard dummy text ever since the 1500s.<\/p><\/div><\/div>\t\t<\/div>\n\t\t\t\t<\/div>\n\t\t\t\t\t<\/div>\n\t\t<\/div>\n\t\t\t\t<div class=\"elementor-column elementor-col-33 elementor-top-column elementor-element elementor-element-a148b84\" data-id=\"a148b84\" data-element_type=\"column\">\n\t\t\t<div class=\"elementor-widget-wrap elementor-element-populated\">\n\t\t\t\t\t\t\t\t<div class=\"pp_section elementor-element elementor-element-2f17d8f benefits__item elementor-position-top elementor-vertical-align-top elementor-widget elementor-widget-image-box\" data-id=\"2f17d8f\" data-element_type=\"widget\" data-widget_type=\"image-box.default\">\n\t\t\t\t<div class=\"elementor-widget-container\">\n\t\t\t<div class=\"elementor-image-box-wrapper\"><figure class=\"elementor-image-box-img\"><img decoding=\"async\" width=\"59\" height=\"67\" src=\"https:\/\/dopp.aopen-dev.eu\/wp-content\/uploads\/2022\/11\/4ySLR7.svg\" class=\"attachment-full size-full wp-image-21091\" alt=\"\" loading=\"lazy\" \/><\/figure><div class=\"elementor-image-box-content\"><div class=\"elementor-image-box-title\">Kvalitat\u012bvs<br> serviss<\/div><p class=\"elementor-image-box-description\">Lorem Ipsum is simply dummy text of the printing and typesetting industry. Lorem Ipsum has been the industry\u2019s standard dummy text ever since the 1500s.<\/p><\/div><\/div>\t\t<\/div>\n\t\t\t\t<\/div>\n\t\t\t\t\t<\/div>\n\t\t<\/div>\n\t\t\t\t<div class=\"elementor-column elementor-col-33 elementor-top-column elementor-element elementor-element-0f12c1a\" data-id=\"0f12c1a\" data-element_type=\"column\">\n\t\t\t<div class=\"elementor-widget-wrap elementor-element-populated\">\n\t\t\t\t\t\t\t\t<div class=\"pp_section elementor-element elementor-element-79332a6 benefits__item elementor-position-top elementor-vertical-align-top elementor-widget elementor-widget-image-box\" data-id=\"79332a6\" data-element_type=\"widget\" data-widget_type=\"image-box.default\">\n\t\t\t\t<div class=\"elementor-widget-container\">\n\t\t\t<div class=\"elementor-image-box-wrapper\"><figure class=\"elementor-image-box-img\"><img decoding=\"async\" width=\"67\" height=\"67\" src=\"https:\/\/dopp.aopen-dev.eu\/wp-content\/uploads\/2022\/11\/ekyuLX.svg\" class=\"attachment-full size-full wp-image-21092\" alt=\"\" loading=\"lazy\" \/><\/figure><div class=\"elementor-image-box-content\"><div class=\"elementor-image-box-title\">Zino\u0161i<br> konsultanti<\/div><p class=\"elementor-image-box-description\">Lorem Ipsum is simply dummy text of the printing and typesetting industry. Lorem Ipsum has been the industry\u2019s standard dummy text ever since the 1500s.<\/p><\/div><\/div>\t\t<\/div>\n\t\t\t\t<\/div>\n\t\t\t\t\t<\/div>\n\t\t<\/div>\n\t\t\t\t\t\t\t<\/div>\n\t\t<\/section>\n\t\t\t\t<section class=\"elementor-section elementor-top-section elementor-element elementor-element-7b289e8 elementor-section-stretched elementor-hidden-desktop elementor-section-boxed elementor-section-height-default elementor-section-height-default off\" data-id=\"7b289e8\" data-element_type=\"section\" data-settings=\"{&quot;stretch_section&quot;:&quot;section-stretched&quot;}\">\n\t\t\t\t\t\t\t<div class=\"elementor-background-overlay\"><\/div>\n\t\t\t\t\t\t\t<div class=\"elementor-container elementor-column-gap-default\">\n\t\t\t\t\t<div class=\"elementor-column elementor-col-33 elementor-top-column elementor-element elementor-element-a030579\" data-id=\"a030579\" data-element_type=\"column\">\n\t\t\t<div class=\"elementor-widget-wrap elementor-element-populated\">\n\t\t\t\t\t\t\t\t<div class=\"pp_section elementor-element elementor-element-6061e57 benefits__item elementor-position-top elementor-vertical-align-top elementor-widget elementor-widget-image-box\" data-id=\"6061e57\" data-element_type=\"widget\" data-widget_type=\"image-box.default\">\n\t\t\t\t<div class=\"elementor-widget-container\">\n\t\t\t<div class=\"elementor-image-box-wrapper\"><figure class=\"elementor-image-box-img\"><img decoding=\"async\" width=\"80\" height=\"53\" src=\"https:\/\/dopp.aopen-dev.eu\/wp-content\/uploads\/2022\/11\/qi8909.svg\" class=\"attachment-full size-full wp-image-21090\" alt=\"\" loading=\"lazy\" \/><\/figure><div class=\"elementor-image-box-content\"><div class=\"elementor-image-box-title\">Aktu\u0101l\u0101k\u0101 <br>tehnolo\u0123ija<\/div><p class=\"elementor-image-box-description\">Lorem Ipsum is simply dummy text of the printing and typesetting industry. Lorem Ipsum has been the industry\u2019s standard dummy text ever since the 1500s.<\/p><\/div><\/div>\t\t<\/div>\n\t\t\t\t<\/div>\n\t\t\t\t\t<\/div>\n\t\t<\/div>\n\t\t\t\t<div class=\"elementor-column elementor-col-33 elementor-top-column elementor-element elementor-element-70ad216\" data-id=\"70ad216\" data-element_type=\"column\">\n\t\t\t<div class=\"elementor-widget-wrap elementor-element-populated\">\n\t\t\t\t\t\t\t\t<div class=\"pp_section elementor-element elementor-element-a743c16 benefits__item elementor-position-top elementor-vertical-align-top elementor-widget elementor-widget-image-box\" data-id=\"a743c16\" data-element_type=\"widget\" data-widget_type=\"image-box.default\">\n\t\t\t\t<div class=\"elementor-widget-container\">\n\t\t\t<div class=\"elementor-image-box-wrapper\"><figure class=\"elementor-image-box-img\"><img decoding=\"async\" width=\"59\" height=\"67\" src=\"https:\/\/dopp.aopen-dev.eu\/wp-content\/uploads\/2022\/11\/4ySLR7.svg\" class=\"attachment-full size-full wp-image-21091\" alt=\"\" loading=\"lazy\" \/><\/figure><div class=\"elementor-image-box-content\"><div class=\"elementor-image-box-title\">Kvalitat\u012bvs<br> serviss<\/div><p class=\"elementor-image-box-description\">Lorem Ipsum is simply dummy text of the printing and typesetting industry. Lorem Ipsum has been the industry\u2019s standard dummy text ever since the 1500s.<\/p><\/div><\/div>\t\t<\/div>\n\t\t\t\t<\/div>\n\t\t\t\t\t<\/div>\n\t\t<\/div>\n\t\t\t\t<div class=\"elementor-column elementor-col-33 elementor-top-column elementor-element elementor-element-788d795\" data-id=\"788d795\" data-element_type=\"column\">\n\t\t\t<div class=\"elementor-widget-wrap elementor-element-populated\">\n\t\t\t\t\t\t\t\t<div class=\"pp_section elementor-element elementor-element-e32f19b benefits__item elementor-position-top elementor-vertical-align-top elementor-widget elementor-widget-image-box\" data-id=\"e32f19b\" data-element_type=\"widget\" data-widget_type=\"image-box.default\">\n\t\t\t\t<div class=\"elementor-widget-container\">\n\t\t\t<div class=\"elementor-image-box-wrapper\"><figure class=\"elementor-image-box-img\"><img decoding=\"async\" width=\"67\" height=\"67\" src=\"https:\/\/dopp.aopen-dev.eu\/wp-content\/uploads\/2022\/11\/ekyuLX.svg\" class=\"attachment-full size-full wp-image-21092\" alt=\"\" loading=\"lazy\" \/><\/figure><div class=\"elementor-image-box-content\"><div class=\"elementor-image-box-title\">Zino\u0161i<br> konsultanti<\/div><p class=\"elementor-image-box-description\">Lorem Ipsum is simply dummy text of the printing and typesetting industry. Lorem Ipsum has been the industry\u2019s standard dummy text ever since the 1500s.<\/p><\/div><\/div>\t\t<\/div>\n\t\t\t\t<\/div>\n\t\t\t\t\t<\/div>\n\t\t<\/div>\n\t\t\t\t\t\t\t<\/div>\n\t\t<\/section>\n\t\t\t\t<section class=\"elementor-section elementor-top-section elementor-element elementor-element-3cad454 elementor-section-stretched elementor-section-height-min-height elementor-hidden-tablet elementor-hidden-mobile elementor-section-boxed elementor-section-height-default elementor-section-items-middle off\" data-id=\"3cad454\" data-element_type=\"section\" data-settings=\"{&quot;stretch_section&quot;:&quot;section-stretched&quot;,&quot;background_background&quot;:&quot;classic&quot;}\">\n\t\t\t\t\t\t<div class=\"elementor-container elementor-column-gap-default\">\n\t\t\t\t\t<div class=\"elementor-column elementor-col-100 elementor-top-column elementor-element elementor-element-cd95623\" data-id=\"cd95623\" data-element_type=\"column\">\n\t\t\t<div class=\"elementor-widget-wrap\">\n\t\t\t\t\t\t\t\t\t<\/div>\n\t\t<\/div>\n\t\t\t\t\t\t\t<\/div>\n\t\t<\/section>\n\t\t\t\t<section class=\"elementor-section elementor-top-section elementor-element elementor-element-32ef458 elementor-section-stretched elementor-section-height-min-height elementor-section-boxed elementor-section-height-default elementor-section-items-middle off\" data-id=\"32ef458\" data-element_type=\"section\" data-settings=\"{&quot;stretch_section&quot;:&quot;section-stretched&quot;,&quot;background_background&quot;:&quot;classic&quot;}\">\n\t\t\t\t\t\t<div class=\"elementor-container elementor-column-gap-default\">\n\t\t\t\t\t<div class=\"elementor-column elementor-col-100 elementor-top-column elementor-element elementor-element-a824eeb\" data-id=\"a824eeb\" data-element_type=\"column\">\n\t\t\t<div class=\"elementor-widget-wrap\">\n\t\t\t\t\t\t\t\t\t<\/div>\n\t\t<\/div>\n\t\t\t\t\t\t\t<\/div>\n\t\t<\/section>\n\t\t\t\t\t\t\t<\/div>\n\t\t","protected":false},"excerpt":{"rendered":"<p>Par mums OFFICI\u0100LAIS DOPPSTADT P\u0100RSTR\u0100DES TEHNIKAS IZPLAT\u012aT\u0100JS LATVIJ\u0100 Lorem Ipsum is simply dummy text of the printing and typesetting industry. Lorem Ipsum has been the industry\u2019s standard dummy text ever since the 1500s, when an unknown printer took a galley of type and scrambled it to make a type specimen book. It has survived not [&hellip;]<\/p>\n","protected":false},"author":1,"featured_media":0,"parent":0,"menu_order":0,"comment_status":"closed","ping_status":"closed","template":"","meta":{"pmpro_default_level":0},"acf":[],"_links":{"self":[{"href":"https:\/\/dopp.aopen-dev.eu\/ru\/wp-json\/wp\/v2\/pages\/21539"}],"collection":[{"href":"https:\/\/dopp.aopen-dev.eu\/ru\/wp-json\/wp\/v2\/pages"}],"about":[{"href":"https:\/\/dopp.aopen-dev.eu\/ru\/wp-json\/wp\/v2\/types\/page"}],"author":[{"embeddable":true,"href":"https:\/\/dopp.aopen-dev.eu\/ru\/wp-json\/wp\/v2\/users\/1"}],"replies":[{"embeddable":true,"href":"https:\/\/dopp.aopen-dev.eu\/ru\/wp-json\/wp\/v2\/comments?post=21539"}],"version-history":[{"count":1,"href":"https:\/\/dopp.aopen-dev.eu\/ru\/wp-json\/wp\/v2\/pages\/21539\/revisions"}],"predecessor-version":[{"id":21540,"href":"https:\/\/dopp.aopen-dev.eu\/ru\/wp-json\/wp\/v2\/pages\/21539\/revisions\/21540"}],"wp:attachment":[{"href":"https:\/\/dopp.aopen-dev.eu\/ru\/wp-json\/wp\/v2\/media?parent=21539"}],"curies":[{"name":"wp","href":"https:\/\/api.w.org\/{rel}","templated":true}]}}